{"id":13,"date":"2010-02-12T17:11:04","date_gmt":"2010-02-12T16:11:04","guid":{"rendered":"http:\/\/www.schwarz-weiss-plus.de\/?page_id=13"},"modified":"2010-11-07T21:44:06","modified_gmt":"2010-11-07T20:44:06","slug":"seminare","status":"publish","type":"page","link":"https:\/\/www.schwarz-weiss-plus.de\/?page_id=13","title":{"rendered":"Seminare"},"content":{"rendered":"<h3 style=\"text-align: justify;\">Worum es geht<\/h3>\n<p style=\"text-align: justify;\">Im  Zuge  der \u201eDigitalisierung\u201c unserer Welt entsteht  auch eine Gegenbewegung: die R\u00fcckbesinnung auf das \u201eNat\u00fcrliche\u201c, also auf alte Kulturtechniken, traditionelles Handwerk und \u00e4hnliches. Neues bricht sich Bahn, steht aber immer in Konkurrenz zu Alt-Bew\u00e4hrtem. So auch in der Fotografie: w\u00e4hrend digitales Fotografieren viele Vorteile bietet (sofortige Ergebnisse, geringer Materialeinsatz, einfache Verarbeitung am PC etc.), umgibt analoge Schwarz-Weiss-Fotografie eine Aura der Besonderheit: der Stofflichkeit, Professionalit\u00e4t und Exklusivit\u00e4t.<\/p>\n<p style=\"text-align: justify;\">Genau an diesem Punkt setze ich an. Es geht in erster Linie um die traditionelle Fotografie mit Film, Dunkelkammer und von eigener Hand hergestellter Schwarz-Weiss-Fotos. Das ist gar nicht so schwer, wie es zun\u00e4chst erscheint \u2013 jeder kann es in kurzer Zeit erlernen. Ich biete mich daher als Referent f\u00fcr Seminare an, welche die TeilnehmerInnen bef\u00e4higt, im traditionellen fotografischen Verfahren Fotos herzustellen. Die Seminardauer sollte eine Woche betragen, mindestens jedoch drei Tage.<\/p>\n<p style=\"text-align: justify;\">\n<p style=\"text-align: center;\"><img loading=\"lazy\" decoding=\"async\" class=\"aligncenter\" src=\"https:\/\/schwarz-weiss-plus.de\/wp-content\/uploads\/2010\/05\/filmstreifen.jpg\" alt=\"KBFilm\" width=\"614\" height=\"168\" \/><\/p>\n<p style=\"text-align: justify;\">\n<h3>Seminarinhalte<\/h3>\n<p style=\"text-align: justify;\">\n<p style=\"text-align: justify;\">W\u00e4hrend der Fotoseminare lernen die TeilnehmerInnen alles, was zur Herstellung von Schwarz-Weiss-Fotos n\u00f6tig ist:<\/p>\n<ul style=\"text-align: justify;\">\n<li>Grundlagen \tdes Fotografierens mit halbautomatischen Spiegel-Reflex-Kameras \t(Blendenwahl und Fokussierung werden manuell vorgenommen)<\/li>\n<li>Motivwahl, \tBildaufbau und Bildgestaltung<\/li>\n<li>Filmentwicklung<\/li>\n<li>Herstellen \tvon Schwarz-Weiss-Fotos in der Dunkelkammer  (Vergr\u00f6\u00dferungen)<\/li>\n<\/ul>\n<p style=\"text-align: justify;\">Auf Wunsch und zur Vertiefung:<\/p>\n<ul style=\"text-align: justify;\">\n<li>Spezielle \tFotografie-Verfahren<\/li>\n<li>Spezielle \tDunkelkammerverfahren<\/li>\n<li>Bau \tund Handhabung von Lochkameras<\/li>\n<\/ul>\n<p style=\"text-align: justify;\">\n<h3 style=\"text-align: justify;\">TeilnehmerInnen<\/h3>\n<p style=\"text-align: justify;\">F\u00fcr die Teilnahme an einem Fotografie-Seminar sind keine Vorkenntnisse n\u00f6tig. Auch Kameras m\u00fcssen nicht mitgebracht werden, da ich eine ausreichende Anzahl halbautomatischer Spiegel-Reflex-Kameras zur Verf\u00fcgung stelle. Die Gruppengr\u00f6\u00dfe betreffend gilt: je kleiner die Gruppe ist, um so intensiver kann gearbeitet werden. Mehr als 14 TeilnehmerInnen sollten es nicht sein.<\/p>\n<p style=\"text-align: center;\"><span style=\"color: #fffaf0;\">.<\/span><\/p>\n<p style=\"text-align: center;\">\n<p style=\"text-align: justify;\">\n<p style=\"text-align: center;\"><img loading=\"lazy\" decoding=\"async\" class=\"aligncenter\" src=\"https:\/\/schwarz-weiss-plus.de\/wp-content\/uploads\/2010\/05\/HP_Teilnehmer.jpg\" alt=\"TeilnehmerInnen\" width=\"716\" height=\"464\" \/><\/p>\n<h3 style=\"text-align: center;\"><span style=\"color: #fffaf0;\">.<\/span><\/h3>\n<h3 style=\"text-align: justify;\">Material + Raum<\/h3>\n<p style=\"text-align: justify;\">Das ben\u00f6tigte Verbrauchsmaterial (Filme, Papier, Chemie) wird vor dem Seminar vom Veranstalter gekauft \u2013 ich berate bzw. erstelle eine Einkaufsliste zusammen mit dem Veranstalter. S\u00e4mtliche Ger\u00e4te der Dunkelkammerausstattung stelle ich zur Verf\u00fcgung.<\/p>\n<p style=\"text-align: justify;\">Ob eine Turnhalle, Kellerr\u00e4ume oder ein Dachboden \u2013 ALLES kann in kurzer Zeit in eine Dunkelkammer verwandelt werden. Bisher habe ich jeden Raum abdunkeln k\u00f6nnen; je weniger T\u00fcren und Fenster, desto geringer ist nat\u00fcrlich der Aufwand. Die erforderliche Raumgr\u00f6\u00dfe ist abh\u00e4ngig von der TeilnehmerInnenzahl. Steckdosen und ein Wasser-anschlu\u00df sollten vorhanden sein.<\/p>\n<p style=\"text-align: justify;\">\n<h3 style=\"text-align: justify;\">Seminarziele<\/h3>\n<p style=\"text-align: justify;\">Die Welt mit anderen Augen sehen, ist oft das, was TeilnehmerInnen am Ende eines Fotografie-Seminars f\u00fcr sich res\u00fcmieren. Personen (auch die eigene Person) und die Umgebung durch das Kameraobjektiv sehen und dadurch die Wahrnehmung ver\u00e4ndern bzw. sch\u00e4rfen, ist ein Weg der Pers\u00f6nlichkeitsentwicklung.<\/p>\n<p style=\"text-align: justify;\">Gruppendynamische Prozesse durch Kleingruppenarbeit und das Erlernen fotografischer Techniken bilden den Rahmen f\u00fcr Erfolgserlebnisse ganz besonderer Art. Es ist eben nicht die Elektronik einer vollautomatischen Digitalkamera, die Bilder produziert, sondern es sind die eigenen H\u00e4nde, die Fotos erschaffen. Durch die handwerkliche Kunst Fotos zu gestalten, werden diese Fotos zu ganz pers\u00f6nlichen Bildern. Bei jedem Seminar erfahre ich die Begeisterung der TeilnehmerInnen und ihren Stolz auf die im Seminar erworbenen Kenntnisse und F\u00e4higkeiten.<\/p>\n<p style=\"text-align: center;\"><span style=\"color: #fffaf0;\">.<\/span><\/p>\n<p style=\"text-align: center;\">\n<p style=\"text-align: center;\"><img loading=\"lazy\" decoding=\"async\" class=\"aligncenter\" src=\"https:\/\/schwarz-weiss-plus.de\/wp-content\/uploads\/2010\/11\/DuKa_Collage.jpg\" alt=\"dunkelkammer\" width=\"720\" height=\"720\" \/><span style=\"color: #fffaf0;\">.<\/span><\/p>\n<h3 style=\"text-align: justify;\">Wer ich bin<\/h3>\n<p style=\"text-align: justify;\">Meine  fotografische  Laufbahn ist die eines  Autodidakten. In der guten Zusammenarbeit mit professionellen Fotografen konnte ich die wichtigsten Grundtechniken der Schwarz-Weiss-Fotografie erlernen. Diese in Eigenregie zu vertiefen, machte das Fotografieren zu einem wesentlichen Bestandteil meiner  Aktivit\u00e4ten. Insbesondere bei der Seminararbeit kann ich die eigene Freude am Fotografieren weitergeben, ohne dabei hohe Qualit\u00e4tsanspr\u00fcche zu vernachl\u00e4ssigen.<\/p>\n<p style=\"text-align: justify;\">W\u00e4hrend langj\u00e4hriger Seminararbeit mit Kindern und Jugendlichen konnte ich feststellen, dass neben fachlicher Kompetenz der ReferentInnen auf ihrem jeweiligen Gebiet vor allem p\u00e4dagogisches Fingerspitzengef\u00fchl ausschlaggebend f\u00fcr das Gelingen eines Seminars ist. Insbesondere hier kann ich auf viel Erfahrung zur\u00fcckgreifen; sei es durch mein Diplom-Studium  zum Sozialp\u00e4dagogen, die langj\u00e4hrige Arbeit mit Menschen mit Behinderung oder eine Vielzahl von geleiteten Seminaren im k\u00fcnstlerischen und vor allem im fotografischen Bereich.<\/p>\n<p style=\"text-align: justify;\">\n<p style=\"text-align: justify;\">\n<p style=\"text-align: justify;\">\n<p style=\"text-align: justify;\">\n<p style=\"text-align: justify;\">\n<p style=\"text-align: justify;\">\n<p style=\"text-align: justify;\">\n<p style=\"text-align: justify;\">\n","protected":false},"excerpt":{"rendered":"<p>Worum es geht Im Zuge der \u201eDigitalisierung\u201c unserer Welt entsteht auch eine Gegenbewegung: die R\u00fcckbesinnung auf das \u201eNat\u00fcrliche\u201c, also auf alte Kulturtechniken, traditionelles Handwerk und \u00e4hnliches. Neues bricht sich Bahn, steht aber immer in Konkurrenz zu Alt-Bew\u00e4hrtem. So auch in der Fotografie: w\u00e4hrend digitales Fotografieren viele Vorteile bietet (sofortige Ergebnisse, geringer Materialeinsatz, einfache Verarbeitung am [&hellip;]<\/p>\n","protected":false},"author":1,"featured_media":0,"parent":0,"menu_order":4,"comment_status":"closed","ping_status":"closed","template":"","meta":{"footnotes":""},"_links":{"self":[{"href":"https:\/\/www.schwarz-weiss-plus.de\/index.php?rest_route=\/wp\/v2\/pages\/13"}],"collection":[{"href":"https:\/\/www.schwarz-weiss-plus.de\/index.php?rest_route=\/wp\/v2\/pages"}],"about":[{"href":"https:\/\/www.schwarz-weiss-plus.de\/index.php?rest_route=\/wp\/v2\/types\/page"}],"author":[{"embeddable":true,"href":"https:\/\/www.schwarz-weiss-plus.de\/index.php?rest_route=\/wp\/v2\/users\/1"}],"replies":[{"embeddable":true,"href":"https:\/\/www.schwarz-weiss-plus.de\/index.php?rest_route=%2Fwp%2Fv2%2Fcomments&post=13"}],"version-history":[{"count":36,"href":"https:\/\/www.schwarz-weiss-plus.de\/index.php?rest_route=\/wp\/v2\/pages\/13\/revisions"}],"predecessor-version":[{"id":16,"href":"https:\/\/www.schwarz-weiss-plus.de\/index.php?rest_route=\/wp\/v2\/pages\/13\/revisions\/16"}],"wp:attachment":[{"href":"https:\/\/www.schwarz-weiss-plus.de\/index.php?rest_route=%2Fwp%2Fv2%2Fmedia&parent=13"}],"curies":[{"name":"wp","href":"https:\/\/api.w.org\/{rel}","templated":true}]}}