{"id":401,"date":"2010-05-18T13:47:27","date_gmt":"2010-05-18T12:47:27","guid":{"rendered":"http:\/\/www.schwarz-weiss-plus.de\/?page_id=401"},"modified":"2018-05-23T22:43:37","modified_gmt":"2018-05-23T21:43:37","slug":"impressum","status":"publish","type":"page","link":"https:\/\/www.schwarz-weiss-plus.de\/?page_id=401","title":{"rendered":"Impressum \/ Datenschutzerklaerung"},"content":{"rendered":"<h1 style=\"text-align: left;\"><strong><span style=\"color: #333333;\">Impressum<\/span><\/strong><\/h1>\n<p style=\"text-align: center;\"><span style=\"color: #f5f5dc;\">.<\/span><span style=\"color: #f5f5dc;\">.<\/span><\/p>\n<h3><!-- @page { margin: 2cm } P { margin-bottom: 0.21cm } --><span style=\"font-family: Arial,sans-serif;\"><span style=\"font-size: small;\">SchwarzWeiss+<\/span><span style=\"font-size: small;\"><br \/>\nAlexander Geyer<br \/>\nErfurter Strasse 6 \/ 98693 Ilmenau<br \/>\n<\/span><\/span><\/h3>\n<h3><span style=\"font-family: Arial,sans-serif;\"><span style=\"font-size: small;\">E-mail: alexgeyer@web.de<\/span><\/span><\/h3>\n<h3><span style=\"font-family: Arial,sans-serif;\"><span style=\"font-size: small;\">Steuernummer: 154\/223\/05197<\/span><\/span><\/h3>\n<p style=\"text-align: left;\">Alle Fotos von Alexander Geyer<br \/>\nPowered by WordPress<br \/>\nTheme basiert auf Elegant Grunge 1.0.3 von Michael Tyson<\/p>\n<p style=\"text-align: left;\"><span style=\"color: #f5f5dc;\"><span style=\"color: #333333;\"><span style=\"color: #f5f5dc;\">.<\/span><\/span><\/span><\/p>\n<p style=\"text-align: left;\"><span style=\"color: #f5f5dc;\"><span style=\"color: #333333;\"><span style=\"color: #f5f5dc;\">.<br \/>\n<\/span><\/span><\/span><\/p>\n<p><!-- @page { margin: 2cm } P { margin-bottom: 0.21cm } --><span style=\"font-family: Arial,sans-serif;\"><span style=\"font-size: small;\">Wichtiger Hinweis zu allen Links auf dieser Homepage: <\/span><\/span><\/p>\n<p><span style=\"font-family: Arial,sans-serif;\"><span style=\"font-size: small;\">Mit Urteil vom 12. Mai 1998 hat das Landgericht Hamburg entschieden, da\u00df man durch die Einbindung eines Links gegebenenfalls f\u00fcr die Inhalte der gelinkten Seite mit verantwortlich ist. Dies kann nur dadurch verhindert werden, da\u00df man sich ausdr\u00fccklich von diesen Inhalten distanziert.<\/span><\/span><\/p>\n<p><span style=\"font-family: Arial,sans-serif;\"><span style=\"font-size: small;\">Auf dieser Homepage gibt es Links zu anderen Seiten im Internet. Ich m\u00f6chte ausdr\u00fccklich betonen, da\u00df ich keinerlei Einflu\u00df auf die Gestaltung und die Inhalte der gelinkten Seiten haben. Deshalb distanziere ich mich ausdr\u00fccklich von allen Inhalten aller gelinkten Seiten auf meiner Homepage und mache mir ihre Inhalte nicht zu Eigen. <\/span><\/span><\/p>\n<p><span style=\"font-family: Arial,sans-serif;\"><span style=\"font-size: small;\">Diese Erkl\u00e4rung gilt f\u00fcr alle auf dieser Homepage eingebundenen Links.<\/span><\/span><\/p>\n<p><span style=\"font-family: Arial,sans-serif;\"><span style=\"font-size: small;\"><span style=\"color: #f5f5dc;\">&#8230;<\/span><\/span><\/span><\/p>\n<p><span style=\"font-family: Arial,sans-serif;\"><span style=\"font-size: small;\"><span style=\"color: #f5f5dc;\">.<br \/>\n<\/span><\/span><\/span><\/p>\n<p><!-- @page { margin: 2cm } P { margin-bottom: 0.21cm } --><span style=\"font-family: Arial,sans-serif;\"><span style=\"font-size: small;\"><br \/>\n<\/span><\/span><\/p>\n<p><span style=\"font-family: Arial,sans-serif;\"><span style=\"font-size: small;\"><span style=\"color: #f5f5dc;\">&#8230;<\/span><\/span><\/span><\/p>\n<h1 style=\"text-align: left;\"><strong><span style=\"color: #333333;\">Datenschutzerklaerung<\/span><\/strong><\/h1>\n<p style=\"text-align: center;\"><span style=\"color: #f5f5dc;\">.<\/span><span style=\"color: #f5f5dc;\">.<\/span><\/p>\n<p><strong>Allgemeiner Hinweis und Pflichtinformationen<\/strong><\/p>\n<p><strong>Benennung der verantwortlichen Stelle<\/strong><\/p>\n<p>Die verantwortliche Stelle f\u00fcr die Datenverarbeitung auf dieser Website ist:<\/p>\n<p><span id=\"s3-t-firma\">Alexander Geyer<\/span><br \/>\n<span id=\"s3-t-strasse\">Erfurter Strasse 6<\/span><br \/>\n<span id=\"s3-t-plz\">98693<\/span> <span id=\"s3-t-ort\">Ilmenau<\/span><\/p>\n<p>Die verantwortliche Stelle entscheidet allein oder gemeinsam mit anderen \u00fcber die Zwecke und Mittel der Verarbeitung von personenbezogenen Daten (z.B. Namen, Kontaktdaten o. \u00c4.).<\/p>\n<p><strong>Widerruf Ihrer Einwilligung zur Datenverarbeitung<\/strong><\/p>\n<p>Nur mit Ihrer ausdr\u00fccklichen Einwilligung sind einige Vorg\u00e4nge der Datenverarbeitung m\u00f6glich. Ein Widerruf Ihrer bereits erteilten Einwilligung ist jederzeit m\u00f6glich. F\u00fcr den Widerruf gen\u00fcgt eine formlose Mitteilung per E-Mail. Die Rechtm\u00e4\u00dfigkeit der bis zum Widerruf erfolgten Datenverarbeitung bleibt vom Widerruf unber\u00fchrt.<\/p>\n<p><strong>Recht auf Beschwerde bei der zust\u00e4ndigen Aufsichtsbeh\u00f6rde<\/strong><\/p>\n<p>Als Betroffener steht Ihnen im Falle eines datenschutzrechtlichen Versto\u00dfes ein Beschwerderecht bei der zust\u00e4ndigen Aufsichtsbeh\u00f6rde zu. Zust\u00e4ndige Aufsichtsbeh\u00f6rde bez\u00fcglich datenschutzrechtlicher Fragen ist der Landesdatenschutzbeauftragte des Bundeslandes, in dem sich der Sitz unseres Unternehmens befindet. Der folgende Link stellt eine Liste der Datenschutzbeauftragten sowie deren Kontaktdaten bereit: <a href=\"https:\/\/www.bfdi.bund.de\/DE\/Infothek\/Anschriften_Links\/anschriften_links-node.html\" target=\"_blank\" rel=\"noopener\">https:\/\/www.bfdi.bund.de\/DE\/Infothek\/Anschriften_Links\/anschriften_links-node.html<\/a>.<\/p>\n<p><strong>Recht auf Daten\u00fcbertragbarkeit<\/strong><\/p>\n<p>Ihnen steht das Recht zu, Daten, die wir auf Grundlage Ihrer Einwilligung oder in Erf\u00fcllung eines Vertrags automatisiert verarbeiten, an sich oder an Dritte aush\u00e4ndigen zu lassen. Die Bereitstellung erfolgt in einem maschinenlesbaren Format. Sofern Sie die direkte \u00dcbertragung der Daten an einen anderen Verantwortlichen verlangen, erfolgt dies nur, soweit es technisch machbar ist.<\/p>\n<p><strong>Recht auf Auskunft, Berichtigung, Sperrung, L\u00f6schung<\/strong><\/p>\n<p>Sie haben jederzeit im Rahmen der geltenden gesetzlichen Bestimmungen das Recht auf unentgeltliche Auskunft \u00fcber Ihre gespeicherten personenbezogenen Daten, Herkunft der Daten, deren Empf\u00e4nger und den Zweck der Datenverarbeitung und ggf. ein Recht auf Berichtigung, Sperrung oder L\u00f6schung dieser Daten. Diesbez\u00fcglich und auch zu weiteren Fragen zum Thema personenbezogene Daten k\u00f6nnen Sie sich jederzeit \u00fcber die im Impressum aufgef\u00fchrten Kontaktm\u00f6glichkeiten an uns wenden.<\/p>\n<p><strong>SSL- bzw. TLS-Verschl\u00fcsselung<\/strong><\/p>\n<p>Aus Sicherheitsgr\u00fcnden und zum Schutz der \u00dcbertragung vertraulicher Inhalte, die Sie an uns als Seitenbetreiber senden, nutzt unsere Website eine SSL-bzw. TLS-Verschl\u00fcsselung. Damit sind Daten, die Sie \u00fcber diese Website \u00fcbermitteln, f\u00fcr Dritte nicht mitlesbar. Sie erkennen eine verschl\u00fcsselte Verbindung an der \u201ehttps:\/\/\u201c Adresszeile Ihres Browsers und am Schloss-Symbol in der Browserzeile.<\/p>\n<p><strong>Server-Log-Dateien<\/strong><\/p>\n<p>In Server-Log-Dateien erhebt und speichert der Provider der Website automatisch Informationen, die Ihr Browser automatisch an uns \u00fcbermittelt. Dies sind:<\/p>\n<ul>\n<li>Browsertyp und Browserversion<\/li>\n<li>Verwendetes Betriebssystem<\/li>\n<li>Referrer URL<\/li>\n<li>Hostname des zugreifenden Rechners<\/li>\n<li>Uhrzeit der Serveranfrage<\/li>\n<li>IP-Adresse<\/li>\n<\/ul>\n<p>Es findet keine Zusammenf\u00fchrung dieser Daten mit anderen Datenquellen statt. Grundlage der Datenverarbeitung bildet Art. 6 Abs. 1 lit. b DSGVO, der die Verarbeitung von Daten zur Erf\u00fcllung eines Vertrags oder vorvertraglicher Ma\u00dfnahmen gestattet.<\/p>\n<p><strong>Kontaktformular<\/strong><\/p>\n<p>Per Kontaktformular \u00fcbermittelte Daten werden einschlie\u00dflich Ihrer Kontaktdaten gespeichert, um Ihre Anfrage bearbeiten zu k\u00f6nnen oder um f\u00fcr Anschlussfragen bereitzustehen. Eine Weitergabe dieser Daten findet ohne Ihre Einwilligung nicht statt.<\/p>\n<p>Die Verarbeitung der in das Kontaktformular eingegebenen Daten erfolgt ausschlie\u00dflich auf Grundlage Ihrer Einwilligung (Art. 6 Abs. 1 lit. a DSGVO). Ein Widerruf Ihrer bereits erteilten Einwilligung ist jederzeit m\u00f6glich. F\u00fcr den Widerruf gen\u00fcgt eine formlose Mitteilung per E-Mail. Die Rechtm\u00e4\u00dfigkeit der bis zum Widerruf erfolgten Datenverarbeitungsvorg\u00e4nge bleibt vom Widerruf unber\u00fchrt.<\/p>\n<p>\u00dcber das Kontaktformular \u00fcbermittelte Daten verbleiben bei uns, bis Sie uns zur L\u00f6schung auffordern, Ihre Einwilligung zur Speicherung widerrufen oder keine Notwendigkeit der Datenspeicherung mehr besteht. Zwingende gesetzliche Bestimmungen &#8211; insbesondere Aufbewahrungsfristen &#8211; bleiben unber\u00fchrt.<\/p>\n","protected":false},"excerpt":{"rendered":"<p>Impressum .. SchwarzWeiss+ Alexander Geyer Erfurter Strasse 6 \/ 98693 Ilmenau E-mail: alexgeyer@web.de Steuernummer: 154\/223\/05197 Alle Fotos von Alexander Geyer Powered by WordPress Theme basiert auf Elegant Grunge 1.0.3 von Michael Tyson . . Wichtiger Hinweis zu allen Links auf dieser Homepage: Mit Urteil vom 12. Mai 1998 hat das Landgericht Hamburg entschieden, da\u00df man [&hellip;]<\/p>\n","protected":false},"author":1,"featured_media":0,"parent":304,"menu_order":8,"comment_status":"open","ping_status":"open","template":"","meta":{"footnotes":""},"_links":{"self":[{"href":"https:\/\/www.schwarz-weiss-plus.de\/index.php?rest_route=\/wp\/v2\/pages\/401"}],"collection":[{"href":"https:\/\/www.schwarz-weiss-plus.de\/index.php?rest_route=\/wp\/v2\/pages"}],"about":[{"href":"https:\/\/www.schwarz-weiss-plus.de\/index.php?rest_route=\/wp\/v2\/types\/page"}],"author":[{"embeddable":true,"href":"https:\/\/www.schwarz-weiss-plus.de\/index.php?rest_route=\/wp\/v2\/users\/1"}],"replies":[{"embeddable":true,"href":"https:\/\/www.schwarz-weiss-plus.de\/index.php?rest_route=%2Fwp%2Fv2%2Fcomments&post=401"}],"version-history":[{"count":52,"href":"https:\/\/www.schwarz-weiss-plus.de\/index.php?rest_route=\/wp\/v2\/pages\/401\/revisions"}],"predecessor-version":[{"id":1111,"href":"https:\/\/www.schwarz-weiss-plus.de\/index.php?rest_route=\/wp\/v2\/pages\/401\/revisions\/1111"}],"up":[{"embeddable":true,"href":"https:\/\/www.schwarz-weiss-plus.de\/index.php?rest_route=\/wp\/v2\/pages\/304"}],"wp:attachment":[{"href":"https:\/\/www.schwarz-weiss-plus.de\/index.php?rest_route=%2Fwp%2Fv2%2Fmedia&parent=401"}],"curies":[{"name":"wp","href":"https:\/\/api.w.org\/{rel}","templated":true}]}}